{"id":240,"date":"2020-07-21T23:56:43","date_gmt":"2020-07-21T23:56:43","guid":{"rendered":"https:\/\/alternativafm.com\/site\/?page_id=240"},"modified":"2024-12-03T11:58:52","modified_gmt":"2024-12-03T11:58:52","slug":"radio-alternativa-fm","status":"publish","type":"page","link":"https:\/\/alternativafm.com\/site\/radio-alternativa-fm\/","title":{"rendered":"R\u00c1DIO ALTERNATIVA FM"},"content":{"rendered":"\n<figure class=\"wp-block-image size-large\"><img loading=\"lazy\" decoding=\"async\" width=\"299\" height=\"111\" src=\"https:\/\/alternativafm.com\/site\/wp-content\/uploads\/2020\/08\/image-1.png\" alt=\"\" class=\"wp-image-325\"\/><\/figure>\n\n\n\n<p>Uma r\u00e1dio com abrang\u00eancia regional, com a maior cobertura do Norte de Minas (20 Mil Watts de Pot\u00eancia). Assim \u00e9 a Alternativa FM.<br>Inaugurada em 1992, a 90,7 traz muita m\u00fasica e informa\u00e7\u00e3o de interesse local e regional.<br>Campe\u00e3 em audi\u00eancia em todas as pesquisas, nossa emissora concentra sua aten\u00e7\u00e3o na qualidade, no profissionalismo e na modernidade de suas instala\u00e7\u00f5es.<br>Constantemente inovando, a Alternativa FM \u00e9 \u00e0 frente de seu tempo!<br>Pioneira no Norte Mineiro em todos os mais modernos dispositivos: site, streaming de \u00e1udio, aplicativo e intera\u00e7\u00e3o com o ouvinte atrav\u00e9s do Whatsapp. <br>Para seus clientes, nossa r\u00e1dio disp\u00f5e de um programa de Automa\u00e7\u00e3o, Gest\u00e3o e Intelig\u00eancia Empresarial, dando solu\u00e7\u00f5es que garantem o sucesso e retorno dos an\u00fancios divulgados.<br>A realidade atual dos neg\u00f3cios exige uma emissora que disponibilize a informa\u00e7\u00e3o em tempo real. Isso \u00e9 o que faz a Alternativa FM nos munic\u00edpios que ela se insere:<\/p>\n\n\n\n<p>Janu\u00e1ria, Itacarambi, Varzel\u00e2ndia, S\u00e3o Francisco, S\u00e3o Jo\u00e3o Da Ponte, Icara\u00ed de Minas, Mathias Cardoso, Pedras de Maria da Cruz, Ja\u00edba, Lontra, Manga, Montalv\u00e2nia, Mirabela, Uba\u00ed, S\u00e3o Rom\u00e3o, Uruc\u00faia, Bras\u00edlia de Minas, Carinhanha, S\u00e3o Jo\u00e3o das Miss\u00f5es, C\u00f4nego Marinho, Bonito de Minas, Pint\u00f3polis, Chapada Ga\u00facha, Mirav\u00e2nia, Patis, Ibiracatu, Japonvar, Luisl\u00e2ndia, Ibia\u00ed e Riachinho.<br>Aqui, o anunciante e o ouvinte t\u00eam vez.<\/p>\n","protected":false},"excerpt":{"rendered":"<p>Uma r\u00e1dio com abrang\u00eancia regional, com a maior cobertura do Norte de Minas (20 Mil Watts de Pot\u00eancia). Assim \u00e9 a Alternativa FM.Inaugurada em 1992, a 90,7 traz muita m\u00fasica<\/p>\n","protected":false},"author":1,"featured_media":0,"parent":0,"menu_order":0,"comment_status":"closed","ping_status":"closed","template":"","meta":{"footnotes":""},"class_list":["post-240","page","type-page","status-publish","hentry"],"yoast_head":"<!-- This site is optimized with the Yoast SEO plugin v27.2 - https:\/\/yoast.com\/product\/yoast-seo-wordpress\/ -->\n<title>R\u00c1DIO ALTERNATIVA FM - Alternativa FM | 90,7 FM<\/title>\n<meta name=\"robots\" content=\"index, follow, max-snippet:-1, max-image-preview:large, max-video-preview:-1\" \/>\n<link rel=\"canonical\" href=\"https:\/\/alternativafm.com\/site\/radio-alternativa-fm\/\" \/>\n<meta property=\"og:locale\" content=\"pt_BR\" \/>\n<meta property=\"og:type\" content=\"article\" \/>\n<meta property=\"og:title\" content=\"R\u00c1DIO ALTERNATIVA FM - Alternativa FM | 90,7 FM\" \/>\n<meta property=\"og:description\" content=\"Uma r\u00e1dio com abrang\u00eancia regional, com a maior cobertura do Norte de Minas (20 Mil Watts de Pot\u00eancia). Assim \u00e9 a Alternativa FM.Inaugurada em 1992, a 90,7 traz muita m\u00fasica\" \/>\n<meta property=\"og:url\" content=\"https:\/\/alternativafm.com\/site\/radio-alternativa-fm\/\" \/>\n<meta property=\"og:site_name\" content=\"Alternativa FM | 90,7 FM\" \/>\n<meta property=\"article:modified_time\" content=\"2024-12-03T11:58:52+00:00\" \/>\n<meta property=\"og:image\" content=\"https:\/\/alternativafm.com\/site\/wp-content\/uploads\/2020\/08\/image-1.png\" \/>\n<meta name=\"twitter:card\" content=\"summary_large_image\" \/>\n<meta name=\"twitter:label1\" content=\"Est. tempo de leitura\" \/>\n\t<meta name=\"twitter:data1\" content=\"2 minutos\" \/>\n<script type=\"application\/ld+json\" class=\"yoast-schema-graph\">{\"@context\":\"https:\/\/schema.org\",\"@graph\":[{\"@type\":\"WebPage\",\"@id\":\"https:\/\/alternativafm.com\/site\/radio-alternativa-fm\/\",\"url\":\"https:\/\/alternativafm.com\/site\/radio-alternativa-fm\/\",\"name\":\"R\u00c1DIO ALTERNATIVA FM - Alternativa FM | 90,7 FM\",\"isPartOf\":{\"@id\":\"https:\/\/alternativafm.com\/site\/#website\"},\"primaryImageOfPage\":{\"@id\":\"https:\/\/alternativafm.com\/site\/radio-alternativa-fm\/#primaryimage\"},\"image\":{\"@id\":\"https:\/\/alternativafm.com\/site\/radio-alternativa-fm\/#primaryimage\"},\"thumbnailUrl\":\"https:\/\/alternativafm.com\/site\/wp-content\/uploads\/2020\/08\/image-1.png\",\"datePublished\":\"2020-07-21T23:56:43+00:00\",\"dateModified\":\"2024-12-03T11:58:52+00:00\",\"breadcrumb\":{\"@id\":\"https:\/\/alternativafm.com\/site\/radio-alternativa-fm\/#breadcrumb\"},\"inLanguage\":\"pt-BR\",\"potentialAction\":[{\"@type\":\"ReadAction\",\"target\":[\"https:\/\/alternativafm.com\/site\/radio-alternativa-fm\/\"]}]},{\"@type\":\"ImageObject\",\"inLanguage\":\"pt-BR\",\"@id\":\"https:\/\/alternativafm.com\/site\/radio-alternativa-fm\/#primaryimage\",\"url\":\"https:\/\/alternativafm.com\/site\/wp-content\/uploads\/2020\/08\/image-1.png\",\"contentUrl\":\"https:\/\/alternativafm.com\/site\/wp-content\/uploads\/2020\/08\/image-1.png\",\"width\":299,\"height\":111},{\"@type\":\"BreadcrumbList\",\"@id\":\"https:\/\/alternativafm.com\/site\/radio-alternativa-fm\/#breadcrumb\",\"itemListElement\":[{\"@type\":\"ListItem\",\"position\":1,\"name\":\"In\u00edcio\",\"item\":\"https:\/\/alternativafm.com\/site\/\"},{\"@type\":\"ListItem\",\"position\":2,\"name\":\"R\u00c1DIO ALTERNATIVA FM\"}]},{\"@type\":\"WebSite\",\"@id\":\"https:\/\/alternativafm.com\/site\/#website\",\"url\":\"https:\/\/alternativafm.com\/site\/\",\"name\":\"Alternativa FM | 90,7 FM\",\"description\":\"\",\"publisher\":{\"@id\":\"https:\/\/alternativafm.com\/site\/#organization\"},\"potentialAction\":[{\"@type\":\"SearchAction\",\"target\":{\"@type\":\"EntryPoint\",\"urlTemplate\":\"https:\/\/alternativafm.com\/site\/?s={search_term_string}\"},\"query-input\":{\"@type\":\"PropertyValueSpecification\",\"valueRequired\":true,\"valueName\":\"search_term_string\"}}],\"inLanguage\":\"pt-BR\"},{\"@type\":\"Organization\",\"@id\":\"https:\/\/alternativafm.com\/site\/#organization\",\"name\":\"Alternativa FM | 90,7 FM\",\"url\":\"https:\/\/alternativafm.com\/site\/\",\"logo\":{\"@type\":\"ImageObject\",\"inLanguage\":\"pt-BR\",\"@id\":\"https:\/\/alternativafm.com\/site\/#\/schema\/logo\/image\/\",\"url\":\"https:\/\/alternativafm.com\/site\/wp-content\/uploads\/2020\/07\/LOGOMARCA2.png\",\"contentUrl\":\"https:\/\/alternativafm.com\/site\/wp-content\/uploads\/2020\/07\/LOGOMARCA2.png\",\"width\":1352,\"height\":464,\"caption\":\"Alternativa FM | 90,7 FM\"},\"image\":{\"@id\":\"https:\/\/alternativafm.com\/site\/#\/schema\/logo\/image\/\"}}]}<\/script>\n<!-- \/ Yoast SEO plugin. -->","yoast_head_json":{"title":"R\u00c1DIO ALTERNATIVA FM - Alternativa FM | 90,7 FM","robots":{"index":"index","follow":"follow","max-snippet":"max-snippet:-1","max-image-preview":"max-image-preview:large","max-video-preview":"max-video-preview:-1"},"canonical":"https:\/\/alternativafm.com\/site\/radio-alternativa-fm\/","og_locale":"pt_BR","og_type":"article","og_title":"R\u00c1DIO ALTERNATIVA FM - Alternativa FM | 90,7 FM","og_description":"Uma r\u00e1dio com abrang\u00eancia regional, com a maior cobertura do Norte de Minas (20 Mil Watts de Pot\u00eancia). Assim \u00e9 a Alternativa FM.Inaugurada em 1992, a 90,7 traz muita m\u00fasica","og_url":"https:\/\/alternativafm.com\/site\/radio-alternativa-fm\/","og_site_name":"Alternativa FM | 90,7 FM","article_modified_time":"2024-12-03T11:58:52+00:00","og_image":[{"url":"https:\/\/alternativafm.com\/site\/wp-content\/uploads\/2020\/08\/image-1.png","type":"","width":"","height":""}],"twitter_card":"summary_large_image","twitter_misc":{"Est. tempo de leitura":"2 minutos"},"schema":{"@context":"https:\/\/schema.org","@graph":[{"@type":"WebPage","@id":"https:\/\/alternativafm.com\/site\/radio-alternativa-fm\/","url":"https:\/\/alternativafm.com\/site\/radio-alternativa-fm\/","name":"R\u00c1DIO ALTERNATIVA FM - Alternativa FM | 90,7 FM","isPartOf":{"@id":"https:\/\/alternativafm.com\/site\/#website"},"primaryImageOfPage":{"@id":"https:\/\/alternativafm.com\/site\/radio-alternativa-fm\/#primaryimage"},"image":{"@id":"https:\/\/alternativafm.com\/site\/radio-alternativa-fm\/#primaryimage"},"thumbnailUrl":"https:\/\/alternativafm.com\/site\/wp-content\/uploads\/2020\/08\/image-1.png","datePublished":"2020-07-21T23:56:43+00:00","dateModified":"2024-12-03T11:58:52+00:00","breadcrumb":{"@id":"https:\/\/alternativafm.com\/site\/radio-alternativa-fm\/#breadcrumb"},"inLanguage":"pt-BR","potentialAction":[{"@type":"ReadAction","target":["https:\/\/alternativafm.com\/site\/radio-alternativa-fm\/"]}]},{"@type":"ImageObject","inLanguage":"pt-BR","@id":"https:\/\/alternativafm.com\/site\/radio-alternativa-fm\/#primaryimage","url":"https:\/\/alternativafm.com\/site\/wp-content\/uploads\/2020\/08\/image-1.png","contentUrl":"https:\/\/alternativafm.com\/site\/wp-content\/uploads\/2020\/08\/image-1.png","width":299,"height":111},{"@type":"BreadcrumbList","@id":"https:\/\/alternativafm.com\/site\/radio-alternativa-fm\/#breadcrumb","itemListElement":[{"@type":"ListItem","position":1,"name":"In\u00edcio","item":"https:\/\/alternativafm.com\/site\/"},{"@type":"ListItem","position":2,"name":"R\u00c1DIO ALTERNATIVA FM"}]},{"@type":"WebSite","@id":"https:\/\/alternativafm.com\/site\/#website","url":"https:\/\/alternativafm.com\/site\/","name":"Alternativa FM | 90,7 FM","description":"","publisher":{"@id":"https:\/\/alternativafm.com\/site\/#organization"},"potentialAction":[{"@type":"SearchAction","target":{"@type":"EntryPoint","urlTemplate":"https:\/\/alternativafm.com\/site\/?s={search_term_string}"},"query-input":{"@type":"PropertyValueSpecification","valueRequired":true,"valueName":"search_term_string"}}],"inLanguage":"pt-BR"},{"@type":"Organization","@id":"https:\/\/alternativafm.com\/site\/#organization","name":"Alternativa FM | 90,7 FM","url":"https:\/\/alternativafm.com\/site\/","logo":{"@type":"ImageObject","inLanguage":"pt-BR","@id":"https:\/\/alternativafm.com\/site\/#\/schema\/logo\/image\/","url":"https:\/\/alternativafm.com\/site\/wp-content\/uploads\/2020\/07\/LOGOMARCA2.png","contentUrl":"https:\/\/alternativafm.com\/site\/wp-content\/uploads\/2020\/07\/LOGOMARCA2.png","width":1352,"height":464,"caption":"Alternativa FM | 90,7 FM"},"image":{"@id":"https:\/\/alternativafm.com\/site\/#\/schema\/logo\/image\/"}}]}},"jetpack_shortlink":"https:\/\/wp.me\/PccBN3-3S","jetpack-related-posts":[{"id":230,"url":"https:\/\/alternativafm.com\/site\/tv-norte\/","url_meta":{"origin":240,"position":0},"title":"TV NORTE","author":"redacao","date":"julho 21, 2020","format":false,"excerpt":"Inaugurada em 7 de Outubro de 2005 pela Funda\u00e7\u00e3o Cultural de Janu\u00e1ria, a emissora educativa fortalece a regi\u00e3o do m\u00e9dio S\u00e3o Francisco e acrescenta um conte\u00fado que prop\u00f5e explorar as potencialidades de seu povo. A TV Norte HD \u00e9 o carro chefe das not\u00edcias, cultura, folclore, entretenimento e educa\u00e7\u00e3o. A\u2026","rel":"","context":"Post similar","block_context":{"text":"Post similar","link":""},"img":{"alt_text":"","src":"https:\/\/i0.wp.com\/alternativafm.com\/site\/wp-content\/uploads\/2020\/08\/image-2.png?resize=350%2C200&ssl=1","width":350,"height":200},"classes":[]},{"id":238,"url":"https:\/\/alternativafm.com\/site\/radio-voz-news\/","url_meta":{"origin":240,"position":1},"title":"R\u00c1DIO VOZ NEWS","author":"redacao","date":"julho 21, 2020","format":false,"excerpt":"Pioneira do Vale do S\u00e3o Francisco, inaugurada em 1988, a R\u00e1dio Voz AM, agora Voz News se inova, recicla e tamb\u00e9m marca sua presen\u00e7a principalmente na informa\u00e7\u00e3o, na not\u00edcia, no debate, nas transmiss\u00f5es ao vivo de \u00a0eventos institucionais, esportivos, culturais, Lives musicais e religiosas. A R\u00e1dio Voz do S\u00e3o Francisco,\u2026","rel":"","context":"Post similar","block_context":{"text":"Post similar","link":""},"img":{"alt_text":"","src":"https:\/\/i0.wp.com\/alternativafm.com\/site\/wp-content\/uploads\/2020\/08\/image.png?resize=350%2C200&ssl=1","width":350,"height":200},"classes":[]},{"id":489,"url":"https:\/\/alternativafm.com\/site\/tv-norte-play\/","url_meta":{"origin":240,"position":2},"title":"TV Norte Play","author":"redacao","date":"agosto 18, 2020","format":false,"excerpt":"Norte Not\u00edcias Segunda-feira https:\/\/youtube.com\/live\/cFW6gKvRF9g Norte Not\u00edcias Ter\u00e7a-feira https:\/\/youtube.com\/live\/G6_Xp3l8srI Norte Not\u00edcias quarta-feira https:\/\/youtube.com\/live\/dRjvO3YvMGQ Norte not\u00edcias quinta-feira https:\/\/youtube.com\/live\/O-okKxXNQxM Norte not\u00edcias sexta-feira https:\/\/youtube.com\/live\/swXPaG_itpA","rel":"","context":"Post similar","block_context":{"text":"Post similar","link":""},"img":{"alt_text":"","src":"https:\/\/i0.wp.com\/img.youtube.com\/vi\/\/0.jpg?resize=350%2C200","width":350,"height":200},"classes":[]}],"jetpack_sharing_enabled":true,"jetpack_likes_enabled":true,"_links":{"self":[{"href":"https:\/\/alternativafm.com\/site\/wp-json\/wp\/v2\/pages\/240","targetHints":{"allow":["GET"]}}],"collection":[{"href":"https:\/\/alternativafm.com\/site\/wp-json\/wp\/v2\/pages"}],"about":[{"href":"https:\/\/alternativafm.com\/site\/wp-json\/wp\/v2\/types\/page"}],"author":[{"embeddable":true,"href":"https:\/\/alternativafm.com\/site\/wp-json\/wp\/v2\/users\/1"}],"replies":[{"embeddable":true,"href":"https:\/\/alternativafm.com\/site\/wp-json\/wp\/v2\/comments?post=240"}],"version-history":[{"count":8,"href":"https:\/\/alternativafm.com\/site\/wp-json\/wp\/v2\/pages\/240\/revisions"}],"predecessor-version":[{"id":44239,"href":"https:\/\/alternativafm.com\/site\/wp-json\/wp\/v2\/pages\/240\/revisions\/44239"}],"wp:attachment":[{"href":"https:\/\/alternativafm.com\/site\/wp-json\/wp\/v2\/media?parent=240"}],"curies":[{"name":"wp","href":"https:\/\/api.w.org\/{rel}","templated":true}]}}