{"id":489,"date":"2020-08-18T23:48:26","date_gmt":"2020-08-18T23:48:26","guid":{"rendered":"https:\/\/alternativafm.com\/site\/?page_id=489"},"modified":"2026-04-22T20:36:50","modified_gmt":"2026-04-22T20:36:50","slug":"tv-norte-play","status":"publish","type":"page","link":"https:\/\/alternativafm.com\/site\/tv-norte-play\/","title":{"rendered":"TV Norte Play"},"content":{"rendered":"\n<p>Norte Not\u00edcias Segunda-feira<\/p>\n\n\n\n<figure class=\"wp-block-embed is-type-video is-provider-youtube wp-block-embed-youtube wp-embed-aspect-4-3 wp-has-aspect-ratio\"><div class=\"wp-block-embed__wrapper\">\n<iframe loading=\"lazy\" title=\"Norte Not\u00edcias 20-04-26\" width=\"640\" height=\"480\" src=\"https:\/\/www.youtube.com\/embed\/cFW6gKvRF9g?feature=oembed\" frameborder=\"0\" allow=\"accelerometer; autoplay; clipboard-write; encrypted-media; gyroscope; picture-in-picture; web-share\" referrerpolicy=\"strict-origin-when-cross-origin\" allowfullscreen><\/iframe>\n<\/div><\/figure>\n\n\n\n<p>Norte Not\u00edcias Ter\u00e7a-feira<\/p>\n\n\n\n<figure class=\"wp-block-embed is-type-video is-provider-youtube wp-block-embed-youtube wp-embed-aspect-4-3 wp-has-aspect-ratio\"><div class=\"wp-block-embed__wrapper\">\n<iframe loading=\"lazy\" title=\"Norte Not\u00edcias 21-04-26\" width=\"640\" height=\"480\" src=\"https:\/\/www.youtube.com\/embed\/G6_Xp3l8srI?feature=oembed\" frameborder=\"0\" allow=\"accelerometer; autoplay; clipboard-write; encrypted-media; gyroscope; picture-in-picture; web-share\" referrerpolicy=\"strict-origin-when-cross-origin\" allowfullscreen><\/iframe>\n<\/div><\/figure>\n\n\n\n<p>Norte Not\u00edcias quarta-feira<\/p>\n\n\n\n<figure class=\"wp-block-embed is-type-video is-provider-youtube wp-block-embed-youtube wp-embed-aspect-4-3 wp-has-aspect-ratio\"><div class=\"wp-block-embed__wrapper\">\n<iframe loading=\"lazy\" title=\"Norte Not\u00edcias 22-04-26\" width=\"640\" height=\"480\" src=\"https:\/\/www.youtube.com\/embed\/dRjvO3YvMGQ?feature=oembed\" frameborder=\"0\" allow=\"accelerometer; autoplay; clipboard-write; encrypted-media; gyroscope; picture-in-picture; web-share\" referrerpolicy=\"strict-origin-when-cross-origin\" allowfullscreen><\/iframe>\n<\/div><\/figure>\n\n\n\n<p>Norte not\u00edcias quinta-feira<\/p>\n\n\n\n<figure class=\"wp-block-embed is-type-video is-provider-youtube wp-block-embed-youtube wp-embed-aspect-16-9 wp-has-aspect-ratio\"><div class=\"wp-block-embed__wrapper\">\n<iframe loading=\"lazy\" title=\"Norte Not\u00edcias 16-04-26\" width=\"640\" height=\"360\" src=\"https:\/\/www.youtube.com\/embed\/O-okKxXNQxM?feature=oembed\" frameborder=\"0\" allow=\"accelerometer; autoplay; clipboard-write; encrypted-media; gyroscope; picture-in-picture; web-share\" referrerpolicy=\"strict-origin-when-cross-origin\" allowfullscreen><\/iframe>\n<\/div><\/figure>\n\n\n\n<p>Norte not\u00edcias sexta-feira<\/p>\n\n\n\n<figure class=\"wp-block-embed is-type-video is-provider-youtube wp-block-embed-youtube wp-embed-aspect-4-3 wp-has-aspect-ratio\"><div class=\"wp-block-embed__wrapper\">\n<iframe loading=\"lazy\" title=\"Norte Not\u00edcias 17-04-26\" width=\"640\" height=\"480\" src=\"https:\/\/www.youtube.com\/embed\/swXPaG_itpA?feature=oembed\" frameborder=\"0\" allow=\"accelerometer; autoplay; clipboard-write; encrypted-media; gyroscope; picture-in-picture; web-share\" referrerpolicy=\"strict-origin-when-cross-origin\" allowfullscreen><\/iframe>\n<\/div><\/figure>\n","protected":false},"excerpt":{"rendered":"<p>Norte Not\u00edcias Segunda-feira Norte Not\u00edcias Ter\u00e7a-feira Norte Not\u00edcias quarta-feira Norte not\u00edcias quinta-feira Norte not\u00edcias sexta-feira<\/p>\n","protected":false},"author":1,"featured_media":0,"parent":0,"menu_order":0,"comment_status":"closed","ping_status":"closed","template":"","meta":{"footnotes":""},"class_list":["post-489","page","type-page","status-publish","hentry"],"yoast_head":"<!-- This site is optimized with the Yoast SEO plugin v27.2 - https:\/\/yoast.com\/product\/yoast-seo-wordpress\/ -->\n<title>TV Norte Play - Alternativa FM | 90,7 FM<\/title>\n<meta name=\"robots\" content=\"index, follow, max-snippet:-1, max-image-preview:large, max-video-preview:-1\" \/>\n<link rel=\"canonical\" href=\"https:\/\/alternativafm.com\/site\/tv-norte-play\/\" \/>\n<meta property=\"og:locale\" content=\"pt_BR\" \/>\n<meta property=\"og:type\" content=\"article\" \/>\n<meta property=\"og:title\" content=\"TV Norte Play - Alternativa FM | 90,7 FM\" \/>\n<meta property=\"og:description\" content=\"Norte Not\u00edcias Segunda-feira Norte Not\u00edcias Ter\u00e7a-feira Norte Not\u00edcias quarta-feira Norte not\u00edcias quinta-feira Norte not\u00edcias sexta-feira\" \/>\n<meta property=\"og:url\" content=\"https:\/\/alternativafm.com\/site\/tv-norte-play\/\" \/>\n<meta property=\"og:site_name\" content=\"Alternativa FM | 90,7 FM\" \/>\n<meta property=\"article:modified_time\" content=\"2026-04-22T20:36:50+00:00\" \/>\n<meta name=\"twitter:card\" content=\"summary_large_image\" \/>\n<meta name=\"twitter:label1\" content=\"Est. tempo de leitura\" \/>\n\t<meta name=\"twitter:data1\" content=\"1 minuto\" \/>\n<script type=\"application\/ld+json\" class=\"yoast-schema-graph\">{\"@context\":\"https:\/\/schema.org\",\"@graph\":[{\"@type\":\"WebPage\",\"@id\":\"https:\/\/alternativafm.com\/site\/tv-norte-play\/\",\"url\":\"https:\/\/alternativafm.com\/site\/tv-norte-play\/\",\"name\":\"TV Norte Play - Alternativa FM | 90,7 FM\",\"isPartOf\":{\"@id\":\"https:\/\/alternativafm.com\/site\/#website\"},\"datePublished\":\"2020-08-18T23:48:26+00:00\",\"dateModified\":\"2026-04-22T20:36:50+00:00\",\"breadcrumb\":{\"@id\":\"https:\/\/alternativafm.com\/site\/tv-norte-play\/#breadcrumb\"},\"inLanguage\":\"pt-BR\",\"potentialAction\":[{\"@type\":\"ReadAction\",\"target\":[\"https:\/\/alternativafm.com\/site\/tv-norte-play\/\"]}]},{\"@type\":\"BreadcrumbList\",\"@id\":\"https:\/\/alternativafm.com\/site\/tv-norte-play\/#breadcrumb\",\"itemListElement\":[{\"@type\":\"ListItem\",\"position\":1,\"name\":\"In\u00edcio\",\"item\":\"https:\/\/alternativafm.com\/site\/\"},{\"@type\":\"ListItem\",\"position\":2,\"name\":\"TV Norte Play\"}]},{\"@type\":\"WebSite\",\"@id\":\"https:\/\/alternativafm.com\/site\/#website\",\"url\":\"https:\/\/alternativafm.com\/site\/\",\"name\":\"Alternativa FM | 90,7 FM\",\"description\":\"\",\"publisher\":{\"@id\":\"https:\/\/alternativafm.com\/site\/#organization\"},\"potentialAction\":[{\"@type\":\"SearchAction\",\"target\":{\"@type\":\"EntryPoint\",\"urlTemplate\":\"https:\/\/alternativafm.com\/site\/?s={search_term_string}\"},\"query-input\":{\"@type\":\"PropertyValueSpecification\",\"valueRequired\":true,\"valueName\":\"search_term_string\"}}],\"inLanguage\":\"pt-BR\"},{\"@type\":\"Organization\",\"@id\":\"https:\/\/alternativafm.com\/site\/#organization\",\"name\":\"Alternativa FM | 90,7 FM\",\"url\":\"https:\/\/alternativafm.com\/site\/\",\"logo\":{\"@type\":\"ImageObject\",\"inLanguage\":\"pt-BR\",\"@id\":\"https:\/\/alternativafm.com\/site\/#\/schema\/logo\/image\/\",\"url\":\"https:\/\/alternativafm.com\/site\/wp-content\/uploads\/2020\/07\/LOGOMARCA2.png\",\"contentUrl\":\"https:\/\/alternativafm.com\/site\/wp-content\/uploads\/2020\/07\/LOGOMARCA2.png\",\"width\":1352,\"height\":464,\"caption\":\"Alternativa FM | 90,7 FM\"},\"image\":{\"@id\":\"https:\/\/alternativafm.com\/site\/#\/schema\/logo\/image\/\"}}]}<\/script>\n<!-- \/ Yoast SEO plugin. -->","yoast_head_json":{"title":"TV Norte Play - Alternativa FM | 90,7 FM","robots":{"index":"index","follow":"follow","max-snippet":"max-snippet:-1","max-image-preview":"max-image-preview:large","max-video-preview":"max-video-preview:-1"},"canonical":"https:\/\/alternativafm.com\/site\/tv-norte-play\/","og_locale":"pt_BR","og_type":"article","og_title":"TV Norte Play - Alternativa FM | 90,7 FM","og_description":"Norte Not\u00edcias Segunda-feira Norte Not\u00edcias Ter\u00e7a-feira Norte Not\u00edcias quarta-feira Norte not\u00edcias quinta-feira Norte not\u00edcias sexta-feira","og_url":"https:\/\/alternativafm.com\/site\/tv-norte-play\/","og_site_name":"Alternativa FM | 90,7 FM","article_modified_time":"2026-04-22T20:36:50+00:00","twitter_card":"summary_large_image","twitter_misc":{"Est. tempo de leitura":"1 minuto"},"schema":{"@context":"https:\/\/schema.org","@graph":[{"@type":"WebPage","@id":"https:\/\/alternativafm.com\/site\/tv-norte-play\/","url":"https:\/\/alternativafm.com\/site\/tv-norte-play\/","name":"TV Norte Play - Alternativa FM | 90,7 FM","isPartOf":{"@id":"https:\/\/alternativafm.com\/site\/#website"},"datePublished":"2020-08-18T23:48:26+00:00","dateModified":"2026-04-22T20:36:50+00:00","breadcrumb":{"@id":"https:\/\/alternativafm.com\/site\/tv-norte-play\/#breadcrumb"},"inLanguage":"pt-BR","potentialAction":[{"@type":"ReadAction","target":["https:\/\/alternativafm.com\/site\/tv-norte-play\/"]}]},{"@type":"BreadcrumbList","@id":"https:\/\/alternativafm.com\/site\/tv-norte-play\/#breadcrumb","itemListElement":[{"@type":"ListItem","position":1,"name":"In\u00edcio","item":"https:\/\/alternativafm.com\/site\/"},{"@type":"ListItem","position":2,"name":"TV Norte Play"}]},{"@type":"WebSite","@id":"https:\/\/alternativafm.com\/site\/#website","url":"https:\/\/alternativafm.com\/site\/","name":"Alternativa FM | 90,7 FM","description":"","publisher":{"@id":"https:\/\/alternativafm.com\/site\/#organization"},"potentialAction":[{"@type":"SearchAction","target":{"@type":"EntryPoint","urlTemplate":"https:\/\/alternativafm.com\/site\/?s={search_term_string}"},"query-input":{"@type":"PropertyValueSpecification","valueRequired":true,"valueName":"search_term_string"}}],"inLanguage":"pt-BR"},{"@type":"Organization","@id":"https:\/\/alternativafm.com\/site\/#organization","name":"Alternativa FM | 90,7 FM","url":"https:\/\/alternativafm.com\/site\/","logo":{"@type":"ImageObject","inLanguage":"pt-BR","@id":"https:\/\/alternativafm.com\/site\/#\/schema\/logo\/image\/","url":"https:\/\/alternativafm.com\/site\/wp-content\/uploads\/2020\/07\/LOGOMARCA2.png","contentUrl":"https:\/\/alternativafm.com\/site\/wp-content\/uploads\/2020\/07\/LOGOMARCA2.png","width":1352,"height":464,"caption":"Alternativa FM | 90,7 FM"},"image":{"@id":"https:\/\/alternativafm.com\/site\/#\/schema\/logo\/image\/"}}]}},"jetpack_shortlink":"https:\/\/wp.me\/PccBN3-7T","jetpack-related-posts":[{"id":230,"url":"https:\/\/alternativafm.com\/site\/tv-norte\/","url_meta":{"origin":489,"position":0},"title":"TV NORTE","author":"redacao","date":"julho 21, 2020","format":false,"excerpt":"Inaugurada em 7 de Outubro de 2005 pela Funda\u00e7\u00e3o Cultural de Janu\u00e1ria, a emissora educativa fortalece a regi\u00e3o do m\u00e9dio S\u00e3o Francisco e acrescenta um conte\u00fado que prop\u00f5e explorar as potencialidades de seu povo. A TV Norte HD \u00e9 o carro chefe das not\u00edcias, cultura, folclore, entretenimento e educa\u00e7\u00e3o. A\u2026","rel":"","context":"Post similar","block_context":{"text":"Post similar","link":""},"img":{"alt_text":"","src":"https:\/\/i0.wp.com\/alternativafm.com\/site\/wp-content\/uploads\/2020\/08\/image-2.png?resize=350%2C200&ssl=1","width":350,"height":200},"classes":[]},{"id":487,"url":"https:\/\/alternativafm.com\/site\/lives\/","url_meta":{"origin":489,"position":1},"title":"Lives","author":"redacao","date":"agosto 18, 2020","format":false,"excerpt":"Live Ordem de Servi\u00e7o da revitaliza\u00e7\u00e3o da Pr. Arthur Bernardes e Largo An\u00e9sio Ant\u00e3o Ferreira https:\/\/www.youtube.com\/live\/7EjO_eJ7sfU?feature=share Live Educa\u00e7\u00e3o em Foco - Prefeitura de Janu\u00e1ria https:\/\/www.youtube.com\/live\/jFev5kAaLe8?feature=share Live Solid\u00e1ria Farm\u00e1cia S\u00e3o Lucas https:\/\/www.youtube.com\/embed\/beii6DEqvDI https:\/\/www.youtube.com\/embed\/5Oti1xCmavA Encontro Motociclistas de Janu\u00e1ria 2023 https:\/\/www.youtube.com\/embed\/Gn1EJolNhhU Paix\u00e3o de Cristo. Brejo do Amparo 2023 https:\/\/www.youtube.com\/embed\/rlh_kQPBZ6k Live Carnaval de Janu\u00e1ria\u2026","rel":"","context":"Post similar","block_context":{"text":"Post similar","link":""},"img":{"alt_text":"","src":"https:\/\/i0.wp.com\/img.youtube.com\/vi\/\/0.jpg?resize=350%2C200","width":350,"height":200},"classes":[]},{"id":240,"url":"https:\/\/alternativafm.com\/site\/radio-alternativa-fm\/","url_meta":{"origin":489,"position":2},"title":"R\u00c1DIO ALTERNATIVA FM","author":"redacao","date":"julho 21, 2020","format":false,"excerpt":"Uma r\u00e1dio com abrang\u00eancia regional, com a maior cobertura do Norte de Minas (20 Mil Watts de Pot\u00eancia). Assim \u00e9 a Alternativa FM.Inaugurada em 1992, a 90,7 traz muita m\u00fasica e informa\u00e7\u00e3o de interesse local e regional.Campe\u00e3 em audi\u00eancia em todas as pesquisas, nossa emissora concentra sua aten\u00e7\u00e3o na qualidade,\u2026","rel":"","context":"Post similar","block_context":{"text":"Post similar","link":""},"img":{"alt_text":"","src":"https:\/\/i0.wp.com\/alternativafm.com\/site\/wp-content\/uploads\/2020\/08\/image-1.png?resize=350%2C200&ssl=1","width":350,"height":200},"classes":[]},{"id":238,"url":"https:\/\/alternativafm.com\/site\/radio-voz-news\/","url_meta":{"origin":489,"position":3},"title":"R\u00c1DIO VOZ NEWS","author":"redacao","date":"julho 21, 2020","format":false,"excerpt":"Pioneira do Vale do S\u00e3o Francisco, inaugurada em 1988, a R\u00e1dio Voz AM, agora Voz News se inova, recicla e tamb\u00e9m marca sua presen\u00e7a principalmente na informa\u00e7\u00e3o, na not\u00edcia, no debate, nas transmiss\u00f5es ao vivo de \u00a0eventos institucionais, esportivos, culturais, Lives musicais e religiosas. A R\u00e1dio Voz do S\u00e3o Francisco,\u2026","rel":"","context":"Post similar","block_context":{"text":"Post similar","link":""},"img":{"alt_text":"","src":"https:\/\/i0.wp.com\/alternativafm.com\/site\/wp-content\/uploads\/2020\/08\/image.png?resize=350%2C200&ssl=1","width":350,"height":200},"classes":[]},{"id":2,"url":"https:\/\/alternativafm.com\/site\/sample-page\/","url_meta":{"origin":489,"position":4},"title":"Sample Page","author":"redacao","date":"junho 27, 2020","format":false,"excerpt":"This is an example page. It's different from a blog post because it will stay in one place and will show up in your site navigation (in most themes). Most people start with an About page that introduces them to potential site visitors. It might say something like this: Hi\u2026","rel":"","context":"Post similar","block_context":{"text":"Post similar","link":""},"img":{"alt_text":"","src":"","width":0,"height":0},"classes":[]}],"jetpack_sharing_enabled":true,"jetpack_likes_enabled":true,"_links":{"self":[{"href":"https:\/\/alternativafm.com\/site\/wp-json\/wp\/v2\/pages\/489","targetHints":{"allow":["GET"]}}],"collection":[{"href":"https:\/\/alternativafm.com\/site\/wp-json\/wp\/v2\/pages"}],"about":[{"href":"https:\/\/alternativafm.com\/site\/wp-json\/wp\/v2\/types\/page"}],"author":[{"embeddable":true,"href":"https:\/\/alternativafm.com\/site\/wp-json\/wp\/v2\/users\/1"}],"replies":[{"embeddable":true,"href":"https:\/\/alternativafm.com\/site\/wp-json\/wp\/v2\/comments?post=489"}],"version-history":[{"count":1099,"href":"https:\/\/alternativafm.com\/site\/wp-json\/wp\/v2\/pages\/489\/revisions"}],"predecessor-version":[{"id":57685,"href":"https:\/\/alternativafm.com\/site\/wp-json\/wp\/v2\/pages\/489\/revisions\/57685"}],"wp:attachment":[{"href":"https:\/\/alternativafm.com\/site\/wp-json\/wp\/v2\/media?parent=489"}],"curies":[{"name":"wp","href":"https:\/\/api.w.org\/{rel}","templated":true}]}}